{"id":1138,"date":"2021-10-05T08:40:24","date_gmt":"2021-10-05T11:40:24","guid":{"rendered":"https:\/\/sindipolo.org.br\/?page_id=1138"},"modified":"2021-10-06T10:29:42","modified_gmt":"2021-10-06T13:29:42","slug":"seja-socio","status":"publish","type":"page","link":"https:\/\/sindipolo.org.br\/?page_id=1138","title":{"rendered":"Seja S\u00f3cio"},"content":{"rendered":"\n<p>Para fortalecer nosso sindicato, voc\u00ea pode realizar a sua sindicaliza\u00e7\u00e3o de duas formas:<\/p>\n\n\n\n<ul class=\"wp-block-list\"><li>entregando a ficha a ficha de sindicaliza\u00e7\u00e3o ao dirigente mais pr\u00f3ximo.<\/li><li>retornando a ficha atrav\u00e9s do formul\u00e1rio abaixo.<\/li><\/ul>\n\n\n\n<p>Se voc\u00ea \u00e9 trabalhador <strong>ativo<\/strong>, utilize a ficha abaixo:<\/p>\n\n\n\n<div class=\"wp-block-file\"><a href=\"https:\/\/sindipolo.org.br\/wp-content\/uploads\/2021\/10\/Ficha-Sindicalizacao-Sindipolo.pdf\">Ficha-Sindicalizacao-Sindipolo<\/a><a href=\"https:\/\/sindipolo.org.br\/wp-content\/uploads\/2021\/10\/Ficha-Sindicalizacao-Sindipolo.pdf\" class=\"wp-block-file__button\" download>Baixar<\/a><\/div>\n\n\n\n<hr class=\"wp-block-separator\"\/>\n\n\n\n<p>Se voc\u00ea \u00e9 <strong>aposentado<\/strong>, utilize a ficha abaixo e a autoriza\u00e7\u00e3o de d\u00e9bito.<\/p>\n\n\n\n<div class=\"wp-block-file\"><a href=\"https:\/\/sindipolo.org.br\/wp-content\/uploads\/2021\/10\/Ficha-Sindicalizacao-Sindipolo-Aposentados.pdf\">Ficha-Sindicalizacao-Sindipolo-Aposentados<\/a><a href=\"https:\/\/sindipolo.org.br\/wp-content\/uploads\/2021\/10\/Ficha-Sindicalizacao-Sindipolo-Aposentados.pdf\" class=\"wp-block-file__button\" download>Baixar<\/a><\/div>\n\n\n\n<div class=\"wp-block-file\"><a href=\"https:\/\/sindipolo.org.br\/wp-content\/uploads\/2021\/10\/Autorizacao-debito.pdf\">Autorizacao-debito<\/a><a href=\"https:\/\/sindipolo.org.br\/wp-content\/uploads\/2021\/10\/Autorizacao-debito.pdf\" class=\"wp-block-file__button\" download>Baixar<\/a><\/div>\n\n\n\n<p>Ap\u00f3s, preencha o formul\u00e1rio abaixo.<\/p>\n\n\n<div role=\"form\" class=\"wpcf7\" id=\"wpcf7-f1137-o1\" lang=\"pt-BR\" dir=\"ltr\">\n<div class=\"screen-reader-response\"><p role=\"status\" aria-live=\"polite\" aria-atomic=\"true\"><\/p> <ul><\/ul><\/div>\n<form action=\"\/index.php?rest_route=%2Fwp%2Fv2%2Fpages%2F1138#wpcf7-f1137-o1\" method=\"post\" class=\"wpcf7-form init\" enctype=\"multipart\/form-data\" novalidate=\"novalidate\" data-status=\"init\">\n<div style=\"display: none;\">\n<input type=\"hidden\" name=\"_wpcf7\" value=\"1137\" \/>\n<input type=\"hidden\" name=\"_wpcf7_version\" value=\"5.6.2\" \/>\n<input type=\"hidden\" name=\"_wpcf7_locale\" value=\"pt_BR\" \/>\n<input type=\"hidden\" name=\"_wpcf7_unit_tag\" value=\"wpcf7-f1137-o1\" \/>\n<input type=\"hidden\" name=\"_wpcf7_container_post\" value=\"0\" \/>\n<input type=\"hidden\" name=\"_wpcf7_posted_data_hash\" value=\"\" \/>\n<\/div>\n<p><label> Seu nome<br \/>\n    <span class=\"wpcf7-form-control-wrap\" data-name=\"your-name\"><input type=\"text\" name=\"your-name\" value=\"\" size=\"40\" class=\"wpcf7-form-control wpcf7-text wpcf7-validates-as-required\" aria-required=\"true\" aria-invalid=\"false\" \/><\/span> <\/label><\/p>\n<p><label> Seu e-mail<br \/>\n    <span class=\"wpcf7-form-control-wrap\" data-name=\"your-email\"><input type=\"email\" name=\"your-email\" value=\"\" size=\"40\" class=\"wpcf7-form-control wpcf7-text wpcf7-email wpcf7-validates-as-required wpcf7-validates-as-email\" aria-required=\"true\" aria-invalid=\"false\" \/><\/span> <\/label><\/p>\n<p><label> Sua mensagem (opcional)<br \/>\n    <span class=\"wpcf7-form-control-wrap\" data-name=\"your-message\"><textarea name=\"your-message\" cols=\"40\" rows=\"10\" class=\"wpcf7-form-control wpcf7-textarea\" aria-invalid=\"false\"><\/textarea><\/span> <\/label><\/p>\n<p><label> Ficha de Sindicaliza\u00e7\u00e3o <\/label><br \/>\n<span class=\"wpcf7-form-control-wrap\" data-name=\"file-755\"><input type=\"file\" name=\"file-755\" size=\"40\" class=\"wpcf7-form-control wpcf7-file wpcf7-validates-as-required\" accept=\".pdf,.png,.jpg,.jpeg\" aria-required=\"true\" aria-invalid=\"false\" \/><\/span><\/p>\n<p><input type=\"submit\" value=\"Enviar\" class=\"wpcf7-form-control has-spinner wpcf7-submit\" \/><\/p>\n<div class=\"wpcf7-response-output\" aria-hidden=\"true\"><\/div><\/form><\/div>\n\n\n\n<p><\/p>\n","protected":false},"excerpt":{"rendered":"<p>Para fortalecer nosso sindicato, voc\u00ea pode realizar a sua sindicaliza\u00e7\u00e3o de duas formas: entregando a ficha a ficha de sindicaliza\u00e7\u00e3o ao dirigente mais pr\u00f3ximo. retornando a ficha atrav\u00e9s do formul\u00e1rio abaixo. Se voc\u00ea \u00e9 trabalhador ativo, utilize a ficha abaixo: Se voc\u00ea \u00e9 aposentado, utilize a ficha abaixo e a autoriza\u00e7\u00e3o de d\u00e9bito. Ap\u00f3s, preencha [&hellip;]<\/p>\n","protected":false},"author":1,"featured_media":0,"parent":0,"menu_order":0,"comment_status":"closed","ping_status":"closed","template":"","meta":{"footnotes":""},"class_list":["post-1138","page","type-page","status-publish","hentry"],"_links":{"self":[{"href":"https:\/\/sindipolo.org.br\/index.php?rest_route=\/wp\/v2\/pages\/1138","targetHints":{"allow":["GET"]}}],"collection":[{"href":"https:\/\/sindipolo.org.br\/index.php?rest_route=\/wp\/v2\/pages"}],"about":[{"href":"https:\/\/sindipolo.org.br\/index.php?rest_route=\/wp\/v2\/types\/page"}],"author":[{"embeddable":true,"href":"https:\/\/sindipolo.org.br\/index.php?rest_route=\/wp\/v2\/users\/1"}],"replies":[{"embeddable":true,"href":"https:\/\/sindipolo.org.br\/index.php?rest_route=%2Fwp%2Fv2%2Fcomments&post=1138"}],"version-history":[{"count":4,"href":"https:\/\/sindipolo.org.br\/index.php?rest_route=\/wp\/v2\/pages\/1138\/revisions"}],"predecessor-version":[{"id":1187,"href":"https:\/\/sindipolo.org.br\/index.php?rest_route=\/wp\/v2\/pages\/1138\/revisions\/1187"}],"wp:attachment":[{"href":"https:\/\/sindipolo.org.br\/index.php?rest_route=%2Fwp%2Fv2%2Fmedia&parent=1138"}],"curies":[{"name":"wp","href":"https:\/\/api.w.org\/{rel}","templated":true}]}}