{"id":1145,"date":"2021-10-05T19:40:43","date_gmt":"2021-10-05T22:40:43","guid":{"rendered":"https:\/\/sindipolo.org.br\/?page_id=1145"},"modified":"2021-10-06T16:06:09","modified_gmt":"2021-10-06T19:06:09","slug":"assessoria-juridica","status":"publish","type":"page","link":"https:\/\/sindipolo.org.br\/?page_id=1145","title":{"rendered":"Assessoria Jur\u00eddica"},"content":{"rendered":"\n<p>Young, Dias, Lauxen &amp; Lima Advogados Associados<\/p>\n\n\n\n<p>\u00c1reas de atua\u00e7\u00e3o:<\/p>\n\n\n\n<ul class=\"wp-block-list\"><li>DIREITO TRABALHISTA<\/li><li>DIREITO CIVIL: FAM\u00cdLIA E SUCESS\u00d5ES<\/li><li>PREVID\u00caNCIA P\u00daBLICA E PRIVADA, REGIME GERAL E PR\u00d3PRIO, INSS E PREVID\u00caNCIA COMPLEMENTAR<\/li><li>DIREITO C\u00cdVIL: INDENIZA\u00c7\u00d5ES, DANOS, E DIREITO DO CONSUMIDOR<\/li><li>MEDIA\u00c7\u00c3O E CONCILIA\u00c7\u00c3O<\/li><li>PLANEJAMENTO PATRIMONIAL<\/li><li>DIREITO DE SEGUROS<\/li><\/ul>\n\n\n\n<p>Com escrit\u00f3rios em:<\/p>\n\n\n\n<p>S\u00e3o Leopoldo<br>Rua: Primeiro de Mar\u00e7o, 113 &#8211; conj. 101 e 401 \u2013 Centro<br>Fone: (51) 3589.5507 <\/p>\n\n\n\n<p>Porto Alegre<br>Av. Get\u00falio Vargas, 774, Conj 602 &#8211; Menino Deus<br>Fone: (51) 3085.5507<\/p>\n\n\n\n<p><a rel=\"noreferrer noopener\" href=\"http:\/\/www.young.adv.br\/\" target=\"_blank\">http:\/\/www.young.adv.br\/<\/a><\/p>\n","protected":false},"excerpt":{"rendered":"<p>Young, Dias, Lauxen &amp; Lima Advogados Associados \u00c1reas de atua\u00e7\u00e3o: DIREITO TRABALHISTA DIREITO CIVIL: FAM\u00cdLIA E SUCESS\u00d5ES PREVID\u00caNCIA P\u00daBLICA E PRIVADA, REGIME GERAL E PR\u00d3PRIO, INSS E PREVID\u00caNCIA COMPLEMENTAR DIREITO C\u00cdVIL: INDENIZA\u00c7\u00d5ES, DANOS, E DIREITO DO CONSUMIDOR MEDIA\u00c7\u00c3O E CONCILIA\u00c7\u00c3O PLANEJAMENTO PATRIMONIAL DIREITO DE SEGUROS Com escrit\u00f3rios em: S\u00e3o LeopoldoRua: Primeiro de Mar\u00e7o, 113 &#8211; [&hellip;]<\/p>\n","protected":false},"author":1,"featured_media":0,"parent":0,"menu_order":0,"comment_status":"closed","ping_status":"closed","template":"","meta":{"footnotes":""},"class_list":["post-1145","page","type-page","status-publish","hentry"],"_links":{"self":[{"href":"https:\/\/sindipolo.org.br\/index.php?rest_route=\/wp\/v2\/pages\/1145","targetHints":{"allow":["GET"]}}],"collection":[{"href":"https:\/\/sindipolo.org.br\/index.php?rest_route=\/wp\/v2\/pages"}],"about":[{"href":"https:\/\/sindipolo.org.br\/index.php?rest_route=\/wp\/v2\/types\/page"}],"author":[{"embeddable":true,"href":"https:\/\/sindipolo.org.br\/index.php?rest_route=\/wp\/v2\/users\/1"}],"replies":[{"embeddable":true,"href":"https:\/\/sindipolo.org.br\/index.php?rest_route=%2Fwp%2Fv2%2Fcomments&post=1145"}],"version-history":[{"count":2,"href":"https:\/\/sindipolo.org.br\/index.php?rest_route=\/wp\/v2\/pages\/1145\/revisions"}],"predecessor-version":[{"id":1224,"href":"https:\/\/sindipolo.org.br\/index.php?rest_route=\/wp\/v2\/pages\/1145\/revisions\/1224"}],"wp:attachment":[{"href":"https:\/\/sindipolo.org.br\/index.php?rest_route=%2Fwp%2Fv2%2Fmedia&parent=1145"}],"curies":[{"name":"wp","href":"https:\/\/api.w.org\/{rel}","templated":true}]}}