{"id":1151,"date":"2021-10-05T19:44:18","date_gmt":"2021-10-05T22:44:18","guid":{"rendered":"https:\/\/sindipolo.org.br\/?page_id=1151"},"modified":"2022-06-22T12:54:10","modified_gmt":"2022-06-22T15:54:10","slug":"videos","status":"publish","type":"page","link":"https:\/\/sindipolo.org.br\/?page_id=1151","title":{"rendered":"V\u00eddeos"},"content":{"rendered":"\n<p> Manifesta\u00e7\u00e3o dos terceirizados em 21\/06\/2022. Assista o v\u00eddeo.<\/p>\n\n\n\n<figure class=\"wp-block-video\"><video controls src=\"https:\/\/sindipolo.org.br\/wp-content\/uploads\/2022\/06\/WhatsApp-Video-2022-06-22-at-11.02.26.3gpp\"><\/video><\/figure>\n\n\n\n<p><\/p>\n\n\n\n<p>Trabalhadores terceirizados do Polo Petroqu\u00edmico de Triunfo cobram o cumprimento do valor acordado do Pr\u00eamio de Parada e avan\u00e7os na negocia\u00e7\u00e3o salarial. Ap\u00f3s paralisa\u00e7\u00e3o, as negocia\u00e7\u00f5es avan\u00e7aram e seriam colocadas em assembleia para aprecia\u00e7\u00e3o da categoria nesta ter\u00e7a-feira (21\/06\/2022), por\u00e9m, em meio a mobiliza\u00e7\u00e3o, come\u00e7ou a chover. Nova data deve ser definida.<br>Cobertura da TVT na manifesta\u00e7\u00e3o dos terceirizados<\/p>\n","protected":false},"excerpt":{"rendered":"<p>Manifesta\u00e7\u00e3o dos terceirizados em 21\/06\/2022. Assista o v\u00eddeo. Trabalhadores terceirizados do Polo Petroqu\u00edmico de Triunfo cobram o cumprimento do valor acordado do Pr\u00eamio de Parada e avan\u00e7os na negocia\u00e7\u00e3o salarial. Ap\u00f3s paralisa\u00e7\u00e3o, as negocia\u00e7\u00f5es avan\u00e7aram e seriam colocadas em assembleia para aprecia\u00e7\u00e3o da categoria nesta ter\u00e7a-feira (21\/06\/2022), por\u00e9m, em meio a mobiliza\u00e7\u00e3o, come\u00e7ou a chover. [&hellip;]<\/p>\n","protected":false},"author":1,"featured_media":0,"parent":0,"menu_order":0,"comment_status":"closed","ping_status":"closed","template":"","meta":{"footnotes":""},"class_list":["post-1151","page","type-page","status-publish","hentry"],"_links":{"self":[{"href":"https:\/\/sindipolo.org.br\/index.php?rest_route=\/wp\/v2\/pages\/1151","targetHints":{"allow":["GET"]}}],"collection":[{"href":"https:\/\/sindipolo.org.br\/index.php?rest_route=\/wp\/v2\/pages"}],"about":[{"href":"https:\/\/sindipolo.org.br\/index.php?rest_route=\/wp\/v2\/types\/page"}],"author":[{"embeddable":true,"href":"https:\/\/sindipolo.org.br\/index.php?rest_route=\/wp\/v2\/users\/1"}],"replies":[{"embeddable":true,"href":"https:\/\/sindipolo.org.br\/index.php?rest_route=%2Fwp%2Fv2%2Fcomments&post=1151"}],"version-history":[{"count":3,"href":"https:\/\/sindipolo.org.br\/index.php?rest_route=\/wp\/v2\/pages\/1151\/revisions"}],"predecessor-version":[{"id":1668,"href":"https:\/\/sindipolo.org.br\/index.php?rest_route=\/wp\/v2\/pages\/1151\/revisions\/1668"}],"wp:attachment":[{"href":"https:\/\/sindipolo.org.br\/index.php?rest_route=%2Fwp%2Fv2%2Fmedia&parent=1151"}],"curies":[{"name":"wp","href":"https:\/\/api.w.org\/{rel}","templated":true}]}}