{"id":12,"date":"2021-09-21T20:10:09","date_gmt":"2021-09-21T23:10:09","guid":{"rendered":"https:\/\/sindipolo.org.br\/?page_id=12"},"modified":"2021-09-21T20:10:09","modified_gmt":"2021-09-21T23:10:09","slug":"historico","status":"publish","type":"page","link":"https:\/\/sindipolo.org.br\/?page_id=12","title":{"rendered":"Hist\u00f3rico"},"content":{"rendered":"\n<p>A hist\u00f3ria do SINDIPOLO \u00e9 a pr\u00f3pria hist\u00f3ria da categoria petroqu\u00edmica. Com a partida das f\u00e1bricas no come\u00e7o dos anos 80, iniciou-se a produ\u00e7\u00e3o do P\u00f3lo de Triunfo e o fim da fase de \u201cobra e partida\u201d das plantas, prioridade at\u00e9 aquele momento. A partir da\u00ed, os trabalhadores petroqu\u00edmicos come\u00e7aram a sentir a necessidade de atuarem coletivamente enquanto classe na busca de seus interesses perante as empresas e o estado, este ainda sob o mando da ditadura militar. O Sindicato foi fundado em 21 de julho de 1981, data da Carta Sindical (como Associa\u00e7\u00e3o em 06\/11\/1979 e registrado em 12\/02\/1980), todavia os princ\u00edpios e objetivos do grupo que dirigia a entidade eram outros. Sua atua\u00e7\u00e3o levou a entidade a um descr\u00e9dito muito grande perante os trabalhadores, comprometendo o futuro da organiza\u00e7\u00e3o.<\/p>\n\n\n\n<p>O sindicato esteve dividido em dois per\u00edodos bem distintos: o primeiro per\u00edodo a partir de sua funda\u00e7\u00e3o at\u00e9 o ano de 1987, o segundo per\u00edodo quando \u00e9 eleita para a dire\u00e7\u00e3o do sindicato a chapa MAS (Movimento de A\u00e7\u00e3o Sindical), de 1987 at\u00e9 os dias atuais. O MAS surgiu desta necessidade. Resgatou o Sindicato das m\u00e3os do peleguismo, mal versa\u00e7\u00e3o dos recursos da categoria, da aliena\u00e7\u00e3o, da despolitiza\u00e7\u00e3o e imobilismo. Os princ\u00edpios do MAS entregaram o SINDIPOLO ao controle dos trabalhadores. Num segundo momento de sua hist\u00f3ria em maio de 1989, o SINDIPOLO se filia a CUT \u2013 Central \u00danica dos Trabalhadores.<\/p>\n\n\n\n<p>O SINDIPOLO sempre defendeu essa organiza\u00e7\u00e3o como forma b\u00e1sica que deve ser ampliada permanentemente para n\u00e3o ficar isolado das lutas e da solidariedade da classe trabalhadora. Nossa hist\u00f3ria foi marcada por grandes lutas e avan\u00e7os ao longo desses anos na categoria, como nas greves de maio de 1988, novembro de 1988 e setembro de 1991 na Copesul e Petroflex; pela manuten\u00e7\u00e3o das URPs, reposi\u00e7\u00e3o salarial e pela 5\u00aa Turma; na greve de abril de 1989 na Petroqu\u00edmica Triunfo, Polisul (hoje Ipiranga), Poliolefinas e PPH (hoje Braskem) e na mobiliza\u00e7\u00e3o da Nitriflex (hoje DSM) por reposi\u00e7\u00e3o salarial e pela 5\u00aa Turma; na greve da Oxiteno em 1992 contra o fechamento da f\u00e1brica e na greve das empreiteiras, tamb\u00e9m em 1992. Em abril de 1997 come\u00e7ou outra grande luta que durou at\u00e9 abril de 1999, pela reimplanta\u00e7\u00e3o da 5\u00aa Turma nas OPPs (hoje Braskem). Nestes quase 25 anos, tivemos v\u00e1rios embates com mobiliza\u00e7\u00f5es, greves, reestrutura\u00e7\u00e3o do P\u00f3lo, e muitas demiss\u00f5es. As empresas ampliaram suas unidades e novas empresas foram implantadas. A terceiriza\u00e7\u00e3o e a precariza\u00e7\u00e3o das condi\u00e7\u00f5es de trabalho se aprofundaram em alguns momentos. Mas continuamos diariamente nossa luta sem tr\u00e9guas na defesa dos interesses dos trabalhadores.<\/p>\n","protected":false},"excerpt":{"rendered":"<p>A hist\u00f3ria do SINDIPOLO \u00e9 a pr\u00f3pria hist\u00f3ria da categoria petroqu\u00edmica. Com a partida das f\u00e1bricas no come\u00e7o dos anos 80, iniciou-se a produ\u00e7\u00e3o do P\u00f3lo de Triunfo e o fim da fase de \u201cobra e partida\u201d das plantas, prioridade at\u00e9 aquele momento. A partir da\u00ed, os trabalhadores petroqu\u00edmicos come\u00e7aram a sentir a necessidade de [&hellip;]<\/p>\n","protected":false},"author":1,"featured_media":0,"parent":0,"menu_order":0,"comment_status":"closed","ping_status":"closed","template":"","meta":{"footnotes":""},"class_list":["post-12","page","type-page","status-publish","hentry"],"_links":{"self":[{"href":"https:\/\/sindipolo.org.br\/index.php?rest_route=\/wp\/v2\/pages\/12","targetHints":{"allow":["GET"]}}],"collection":[{"href":"https:\/\/sindipolo.org.br\/index.php?rest_route=\/wp\/v2\/pages"}],"about":[{"href":"https:\/\/sindipolo.org.br\/index.php?rest_route=\/wp\/v2\/types\/page"}],"author":[{"embeddable":true,"href":"https:\/\/sindipolo.org.br\/index.php?rest_route=\/wp\/v2\/users\/1"}],"replies":[{"embeddable":true,"href":"https:\/\/sindipolo.org.br\/index.php?rest_route=%2Fwp%2Fv2%2Fcomments&post=12"}],"version-history":[{"count":2,"href":"https:\/\/sindipolo.org.br\/index.php?rest_route=\/wp\/v2\/pages\/12\/revisions"}],"predecessor-version":[{"id":14,"href":"https:\/\/sindipolo.org.br\/index.php?rest_route=\/wp\/v2\/pages\/12\/revisions\/14"}],"wp:attachment":[{"href":"https:\/\/sindipolo.org.br\/index.php?rest_route=%2Fwp%2Fv2%2Fmedia&parent=12"}],"curies":[{"name":"wp","href":"https:\/\/api.w.org\/{rel}","templated":true}]}}