{"id":15,"date":"2021-09-21T20:23:20","date_gmt":"2021-09-21T23:23:20","guid":{"rendered":"https:\/\/sindipolo.org.br\/?page_id=15"},"modified":"2026-01-30T08:45:44","modified_gmt":"2026-01-30T11:45:44","slug":"diretoria","status":"publish","type":"page","link":"https:\/\/sindipolo.org.br\/?page_id=15","title":{"rendered":"Diretoria"},"content":{"rendered":"\n<figure class=\"wp-block-table is-style-stripes\"><table><thead><tr><th class=\"has-text-align-left\" data-align=\"left\">CARGO<\/th><th class=\"has-text-align-left\" data-align=\"left\">NOME<\/th><th class=\"has-text-align-left\" data-align=\"left\">EMPRESA<\/th><\/tr><\/thead><tbody><tr><td class=\"has-text-align-left\" data-align=\"left\"><strong>Presidente<\/strong><\/td><td class=\"has-text-align-left\" data-align=\"left\">Ivonei Arnt<\/td><td class=\"has-text-align-left\" data-align=\"left\">Braskem<\/td><\/tr><tr><td class=\"has-text-align-left\" data-align=\"left\"><strong>Vice-Presidente<\/strong><\/td><td class=\"has-text-align-left\" data-align=\"left\">Jo\u00e3o Gilberto Lessa da Rosa<\/td><td class=\"has-text-align-left\" data-align=\"left\">Innova<\/td><\/tr><tr><td class=\"has-text-align-left\" data-align=\"left\"><strong>Secret\u00e1ria Geral<\/strong><\/td><td class=\"has-text-align-left\" data-align=\"left\"><\/td><td class=\"has-text-align-left\" data-align=\"left\"><\/td><\/tr><tr><td class=\"has-text-align-left\" data-align=\"left\"><strong>2\u00b0 Secret\u00e1rio<\/strong><\/td><td class=\"has-text-align-left\" data-align=\"left\">Ademir Flores<\/td><td class=\"has-text-align-left\" data-align=\"left\">Braskem<\/td><\/tr><tr><td class=\"has-text-align-left\" data-align=\"left\"><strong>Secret\u00e1rio de Finan\u00e7as<\/strong><\/td><td class=\"has-text-align-left\" data-align=\"left\">Elgio Alende Lopes<\/td><td class=\"has-text-align-left\" data-align=\"left\">Braskem<\/td><\/tr><tr><td class=\"has-text-align-left\" data-align=\"left\"><strong>2\u00b0 Secret\u00e1rio de Finan\u00e7as<\/strong><\/td><td class=\"has-text-align-left\" data-align=\"left\">Marcelo Pinzon<\/td><td class=\"has-text-align-left\" data-align=\"left\">Innova<\/td><\/tr><tr><td class=\"has-text-align-left\" data-align=\"left\"><strong>Secret\u00e1rio de Comunica\u00e7\u00e3o<\/strong><\/td><td class=\"has-text-align-left\" data-align=\"left\">Marcelo Petruzzellis<\/td><td class=\"has-text-align-left\" data-align=\"left\">Oxiteno<\/td><\/tr><tr><td class=\"has-text-align-left\" data-align=\"left\"><strong>2\u00b0 Secret\u00e1rio de Comunica\u00e7\u00e3o<\/strong><\/td><td class=\"has-text-align-left\" data-align=\"left\">Felipe Nery da Silveira<\/td><td class=\"has-text-align-left\" data-align=\"left\">Braskem<\/td><\/tr><tr><td class=\"has-text-align-left\" data-align=\"left\"><strong>Secret\u00e1rio de Forma\u00e7\u00e3o<\/strong><\/td><td class=\"has-text-align-left\" data-align=\"left\">Andr\u00e9 Agostini Caumo<\/td><td class=\"has-text-align-left\" data-align=\"left\">Braskem<\/td><\/tr><tr><td class=\"has-text-align-left\" data-align=\"left\"><strong>2\u00b0 Secret\u00e1rio de Forma\u00e7\u00e3o<\/strong><\/td><td class=\"has-text-align-left\" data-align=\"left\">Emanuel Dier Penha<\/td><td class=\"has-text-align-left\" data-align=\"left\">Innova<\/td><\/tr><tr><td class=\"has-text-align-left\" data-align=\"left\"><strong>Secret\u00e1rio de Sa\u00fade e Seguran\u00e7a no Trabalho e Meio Ambiente<\/strong><\/td><td class=\"has-text-align-left\" data-align=\"left\">Adilson Jo\u00e3o Pereira<\/td><td class=\"has-text-align-left\" data-align=\"left\">Braskem<\/td><\/tr><tr><td class=\"has-text-align-left\" data-align=\"left\"><strong>2\u00b0 Secret\u00e1rio de Sa\u00fade e Seguran\u00e7a no Trabalho e Meio Ambiente<\/strong><\/td><td class=\"has-text-align-left\" data-align=\"left\">Luiz Valdemir Quadros Moreira<\/td><td class=\"has-text-align-left\" data-align=\"left\">Braskem<\/td><\/tr><tr><td class=\"has-text-align-left\" data-align=\"left\"><strong>Secret\u00e1rio de Cultura e Lazer<\/strong><\/td><td class=\"has-text-align-left\" data-align=\"left\">Gilberto da Silva<\/td><td class=\"has-text-align-left\" data-align=\"left\">Braskem<\/td><\/tr><tr><td class=\"has-text-align-left\" data-align=\"left\"><strong>2\u00b0 Secret\u00e1rio de Cultura e Lazer<\/strong><\/td><td class=\"has-text-align-left\" data-align=\"left\">Lacy Jos\u00e9 Garcia<\/td><td class=\"has-text-align-left\" data-align=\"left\">Arlanxeo  EPDM<\/td><\/tr><tr><td class=\"has-text-align-left\" data-align=\"left\"><strong>Secret\u00e1rio Jur\u00eddico<\/strong><\/td><td class=\"has-text-align-left\" data-align=\"left\">Jorge Luiz Gomes Hon\u00f3rio<\/td><td class=\"has-text-align-left\" data-align=\"left\">Innova<\/td><\/tr><tr><td class=\"has-text-align-left\" data-align=\"left\"><strong>2\u00b0 Secret\u00e1rio Jur\u00eddico<\/strong><\/td><td class=\"has-text-align-left\" data-align=\"left\"><\/td><td class=\"has-text-align-left\" data-align=\"left\"><\/td><\/tr><tr><td class=\"has-text-align-left\" data-align=\"left\"><strong>Secret\u00e1rio de Previd\u00eancia e Aposentados<\/strong><\/td><td class=\"has-text-align-left\" data-align=\"left\">Glasdtone Luiz Anibaleto<\/td><td class=\"has-text-align-left\" data-align=\"left\">Braskem<\/td><\/tr><tr><td class=\"has-text-align-left\" data-align=\"left\"><strong>2\u00b0 Secret\u00e1ria de Previd\u00eancia e Aposentados<\/strong><\/td><td class=\"has-text-align-left\" data-align=\"left\">F\u00e1tima Moura Guterres<\/td><td class=\"has-text-align-left\" data-align=\"left\">Braskem<\/td><\/tr><tr><td class=\"has-text-align-left\" data-align=\"left\"><strong>Secret\u00e1rio de Rela\u00e7\u00f5es Institucionais<\/strong><\/td><td class=\"has-text-align-left\" data-align=\"left\">Gerson Medeiros Cardoso<\/td><td class=\"has-text-align-left\" data-align=\"left\">Braskem<\/td><\/tr><tr><td class=\"has-text-align-left\" data-align=\"left\"><strong>2\u00b0 Secret\u00e1rio de Rela\u00e7\u00f5es Institucionais<\/strong><\/td><td class=\"has-text-align-left\" data-align=\"left\">Marcelo Lopes<\/td><td class=\"has-text-align-left\" data-align=\"left\">Braskem<\/td><\/tr><tr><td class=\"has-text-align-left\" data-align=\"left\"><strong>Conselho Fiscal<\/strong><\/td><td class=\"has-text-align-left\" data-align=\"left\">Edson Batista Bueno<\/td><td class=\"has-text-align-left\" data-align=\"left\">Braskem<\/td><\/tr><tr><td class=\"has-text-align-left\" data-align=\"left\"><strong>Conselho Fiscal<\/strong><\/td><td class=\"has-text-align-left\" data-align=\"left\">Paulo Roberto do Nascimento<\/td><td class=\"has-text-align-left\" data-align=\"left\">Arlanxeo EPDM<\/td><\/tr><tr><td class=\"has-text-align-left\" data-align=\"left\"><strong>Conselho Fiscal<\/strong><\/td><td class=\"has-text-align-left\" data-align=\"left\"><\/td><td class=\"has-text-align-left\" data-align=\"left\"><\/td><\/tr><tr><td class=\"has-text-align-left\" data-align=\"left\"><strong>Conselho Fiscal<\/strong><\/td><td class=\"has-text-align-left\" data-align=\"left\"><\/td><td class=\"has-text-align-left\" data-align=\"left\"><\/td><\/tr><\/tbody><tfoot><tr><td class=\"has-text-align-left\" data-align=\"left\"><\/td><td class=\"has-text-align-left\" data-align=\"left\"><\/td><td class=\"has-text-align-left\" data-align=\"left\"><\/td><\/tr><\/tfoot><\/table><\/figure>\n\n\n\n<p>Gest\u00e3o 2023\/2026<\/p>\n","protected":false},"excerpt":{"rendered":"<p>CARGO NOME EMPRESA Presidente Ivonei Arnt Braskem Vice-Presidente Jo\u00e3o Gilberto Lessa da Rosa Innova Secret\u00e1ria Geral 2\u00b0 Secret\u00e1rio Ademir Flores Braskem Secret\u00e1rio de Finan\u00e7as Elgio Alende Lopes Braskem 2\u00b0 Secret\u00e1rio de Finan\u00e7as Marcelo Pinzon Innova Secret\u00e1rio de Comunica\u00e7\u00e3o Marcelo Petruzzellis Oxiteno 2\u00b0 Secret\u00e1rio de Comunica\u00e7\u00e3o Felipe Nery da Silveira Braskem Secret\u00e1rio de Forma\u00e7\u00e3o Andr\u00e9 Agostini [&hellip;]<\/p>\n","protected":false},"author":1,"featured_media":0,"parent":0,"menu_order":0,"comment_status":"closed","ping_status":"closed","template":"","meta":{"footnotes":""},"class_list":["post-15","page","type-page","status-publish","hentry"],"_links":{"self":[{"href":"https:\/\/sindipolo.org.br\/index.php?rest_route=\/wp\/v2\/pages\/15","targetHints":{"allow":["GET"]}}],"collection":[{"href":"https:\/\/sindipolo.org.br\/index.php?rest_route=\/wp\/v2\/pages"}],"about":[{"href":"https:\/\/sindipolo.org.br\/index.php?rest_route=\/wp\/v2\/types\/page"}],"author":[{"embeddable":true,"href":"https:\/\/sindipolo.org.br\/index.php?rest_route=\/wp\/v2\/users\/1"}],"replies":[{"embeddable":true,"href":"https:\/\/sindipolo.org.br\/index.php?rest_route=%2Fwp%2Fv2%2Fcomments&post=15"}],"version-history":[{"count":9,"href":"https:\/\/sindipolo.org.br\/index.php?rest_route=\/wp\/v2\/pages\/15\/revisions"}],"predecessor-version":[{"id":3317,"href":"https:\/\/sindipolo.org.br\/index.php?rest_route=\/wp\/v2\/pages\/15\/revisions\/3317"}],"wp:attachment":[{"href":"https:\/\/sindipolo.org.br\/index.php?rest_route=%2Fwp%2Fv2%2Fmedia&parent=15"}],"curies":[{"name":"wp","href":"https:\/\/api.w.org\/{rel}","templated":true}]}}