{"id":173,"date":"2021-09-27T22:16:41","date_gmt":"2021-09-28T01:16:41","guid":{"rendered":"https:\/\/sindipolo.org.br\/?page_id=173"},"modified":"2021-10-06T22:50:56","modified_gmt":"2021-10-07T01:50:56","slug":"ultimas-noticias","status":"publish","type":"page","link":"https:\/\/sindipolo.org.br\/","title":{"rendered":"\u00daltimas Not\u00edcias"},"content":{"rendered":"<div class=\"pt-cv-wrapper\"><div class=\"pt-cv-view pt-cv-grid pt-cv-colsys\" id=\"pt-cv-view-d9c50a2gw3\"><div data-id=\"pt-cv-page-1\" class=\"pt-cv-page\" data-cvc=\"2\"><div class=\"col-md-6 col-sm-6 col-xs-12 pt-cv-content-item pt-cv-1-col\" ><div class='pt-cv-ifield'><a href=\"https:\/\/sindipolo.org.br\/?p=3374\" class=\"_self pt-cv-href-thumbnail pt-cv-thumb-default\" target=\"_self\" ><img loading=\"lazy\" decoding=\"async\" width=\"1080\" height=\"1350\" src=\"https:\/\/sindipolo.org.br\/wp-content\/uploads\/2026\/05\/Design-sem-nome-21.png\" class=\"pt-cv-thumbnail\" alt=\"\" srcset=\"https:\/\/sindipolo.org.br\/wp-content\/uploads\/2026\/05\/Design-sem-nome-21.png 1080w, https:\/\/sindipolo.org.br\/wp-content\/uploads\/2026\/05\/Design-sem-nome-21-240x300.png 240w, https:\/\/sindipolo.org.br\/wp-content\/uploads\/2026\/05\/Design-sem-nome-21-819x1024.png 819w, https:\/\/sindipolo.org.br\/wp-content\/uploads\/2026\/05\/Design-sem-nome-21-768x960.png 768w\" sizes=\"auto, (max-width: 1080px) 100vw, 1080px\" \/><\/a>\n<h4 class=\"pt-cv-title\"><a href=\"https:\/\/sindipolo.org.br\/?p=3374\" class=\"_self\" target=\"_self\" >1\u00ba de Maio n\u00e3o \u00e9 s\u00f3 data: \u00e9 chamado \u00e0 a\u00e7\u00e3o!<\/a><\/h4>\n<div class=\"pt-cv-content\">Nada do que temos hoje foi dado \u2014 tudo foi conquistado com organiza\u00e7\u00e3o, enfrentamento e unidade. E \u00e9 exatamente isso ...<br \/><a href=\"https:\/\/sindipolo.org.br\/?p=3374\" class=\"_self pt-cv-readmore btn btn-success\" target=\"_self\">Leia Mais<\/a><\/div><\/div><\/div>\n<div class=\"col-md-6 col-sm-6 col-xs-12 pt-cv-content-item pt-cv-1-col\" ><div class='pt-cv-ifield'><a href=\"https:\/\/sindipolo.org.br\/?p=3357\" class=\"_self pt-cv-href-thumbnail pt-cv-thumb-default\" target=\"_self\" ><img loading=\"lazy\" decoding=\"async\" width=\"1080\" height=\"1350\" src=\"https:\/\/sindipolo.org.br\/wp-content\/uploads\/2026\/04\/WhatsApp-Image-2026-04-02-at-11.18.10.jpeg\" class=\"pt-cv-thumbnail\" alt=\"\" srcset=\"https:\/\/sindipolo.org.br\/wp-content\/uploads\/2026\/04\/WhatsApp-Image-2026-04-02-at-11.18.10.jpeg 1080w, https:\/\/sindipolo.org.br\/wp-content\/uploads\/2026\/04\/WhatsApp-Image-2026-04-02-at-11.18.10-240x300.jpeg 240w, https:\/\/sindipolo.org.br\/wp-content\/uploads\/2026\/04\/WhatsApp-Image-2026-04-02-at-11.18.10-819x1024.jpeg 819w, https:\/\/sindipolo.org.br\/wp-content\/uploads\/2026\/04\/WhatsApp-Image-2026-04-02-at-11.18.10-768x960.jpeg 768w\" sizes=\"auto, (max-width: 1080px) 100vw, 1080px\" \/><\/a>\n<h4 class=\"pt-cv-title\"><a href=\"https:\/\/sindipolo.org.br\/?p=3357\" class=\"_self\" target=\"_self\" >PLR 2026 \u2013 BRASKEM<\/a><\/h4>\n<div class=\"pt-cv-content\">A Braskem, nos \u00faltimos anos, pagou a PLR de seus trabalhadores e trabalhadoras no m\u00eas de mar\u00e7o , tendo, em ...<br \/><a href=\"https:\/\/sindipolo.org.br\/?p=3357\" class=\"_self pt-cv-readmore btn btn-success\" target=\"_self\">Leia Mais<\/a><\/div><\/div><\/div>\n<div class=\"col-md-6 col-sm-6 col-xs-12 pt-cv-content-item pt-cv-1-col\" ><div class='pt-cv-ifield'><a href=\"https:\/\/sindipolo.org.br\/?p=3347\" class=\"_self pt-cv-href-thumbnail pt-cv-thumb-default\" target=\"_self\" ><img loading=\"lazy\" decoding=\"async\" width=\"1080\" height=\"1350\" src=\"https:\/\/sindipolo.org.br\/wp-content\/uploads\/2026\/03\/Design-sem-nome-57.png\" class=\"pt-cv-thumbnail\" alt=\"\" srcset=\"https:\/\/sindipolo.org.br\/wp-content\/uploads\/2026\/03\/Design-sem-nome-57.png 1080w, https:\/\/sindipolo.org.br\/wp-content\/uploads\/2026\/03\/Design-sem-nome-57-240x300.png 240w, https:\/\/sindipolo.org.br\/wp-content\/uploads\/2026\/03\/Design-sem-nome-57-819x1024.png 819w, https:\/\/sindipolo.org.br\/wp-content\/uploads\/2026\/03\/Design-sem-nome-57-768x960.png 768w\" sizes=\"auto, (max-width: 1080px) 100vw, 1080px\" \/><\/a>\n<h4 class=\"pt-cv-title\"><a href=\"https:\/\/sindipolo.org.br\/?p=3347\" class=\"_self\" target=\"_self\" >EDITAL DE CONVOCA\u00c7\u00c3O DE ASSEMBLEIA GERAL EXTRAORDIN\u00c1RIA PARA ALTERA\u00c7\u00c3O ESTATUT\u00c1RIA<\/a><\/h4>\n<div class=\"pt-cv-content\">EDITAL DE CONVOCA\u00c7\u00c3O DE ASSEMBLEIA GERAL EXTRAORDIN\u00c1RIA PARA ALTERA\u00c7\u00c3O ESTATUT\u00c1RIA O SINDICATO DOS TRABALHADORES NAS IND\u00daSTRIAS PETROQU\u00cdMICAS DE PORTO ALEGRE ...<br \/><a href=\"https:\/\/sindipolo.org.br\/?p=3347\" class=\"_self pt-cv-readmore btn btn-success\" target=\"_self\">Leia Mais<\/a><\/div><\/div><\/div>\n<div class=\"col-md-6 col-sm-6 col-xs-12 pt-cv-content-item pt-cv-1-col\" ><div class='pt-cv-ifield'><a href=\"https:\/\/sindipolo.org.br\/?p=3344\" class=\"_self pt-cv-href-thumbnail pt-cv-thumb-default\" target=\"_self\" ><img loading=\"lazy\" decoding=\"async\" width=\"720\" height=\"814\" src=\"https:\/\/sindipolo.org.br\/wp-content\/uploads\/2026\/03\/ALERTA-GOLPE.jpeg\" class=\"pt-cv-thumbnail\" alt=\"\" srcset=\"https:\/\/sindipolo.org.br\/wp-content\/uploads\/2026\/03\/ALERTA-GOLPE.jpeg 720w, https:\/\/sindipolo.org.br\/wp-content\/uploads\/2026\/03\/ALERTA-GOLPE-265x300.jpeg 265w\" sizes=\"auto, (max-width: 720px) 100vw, 720px\" \/><\/a>\n<h4 class=\"pt-cv-title\"><a href=\"https:\/\/sindipolo.org.br\/?p=3344\" class=\"_self\" target=\"_self\" >ATEN\u00c7\u00c3O: SINDIPOLO ALERTA TENTATIVA DE GOLPE<\/a><\/h4>\n<div class=\"pt-cv-content\">Est\u00e3o enviando mensagens por SMS para trabalhador@s da Categoria Petroqu\u00edmica se dizendo do Escrit\u00f3rio Advogados Young, Dias, Lauxen e Lima, ...<br \/><a href=\"https:\/\/sindipolo.org.br\/?p=3344\" class=\"_self pt-cv-readmore btn btn-success\" target=\"_self\">Leia Mais<\/a><\/div><\/div><\/div><\/div><\/div><\/div>\n\n\n\n<p><\/p>\n","protected":false},"excerpt":{"rendered":"","protected":false},"author":1,"featured_media":0,"parent":0,"menu_order":0,"comment_status":"closed","ping_status":"closed","template":"","meta":{"footnotes":""},"class_list":["post-173","page","type-page","status-publish","hentry"],"_links":{"self":[{"href":"https:\/\/sindipolo.org.br\/index.php?rest_route=\/wp\/v2\/pages\/173","targetHints":{"allow":["GET"]}}],"collection":[{"href":"https:\/\/sindipolo.org.br\/index.php?rest_route=\/wp\/v2\/pages"}],"about":[{"href":"https:\/\/sindipolo.org.br\/index.php?rest_route=\/wp\/v2\/types\/page"}],"author":[{"embeddable":true,"href":"https:\/\/sindipolo.org.br\/index.php?rest_route=\/wp\/v2\/users\/1"}],"replies":[{"embeddable":true,"href":"https:\/\/sindipolo.org.br\/index.php?rest_route=%2Fwp%2Fv2%2Fcomments&post=173"}],"version-history":[{"count":9,"href":"https:\/\/sindipolo.org.br\/index.php?rest_route=\/wp\/v2\/pages\/173\/revisions"}],"predecessor-version":[{"id":2325,"href":"https:\/\/sindipolo.org.br\/index.php?rest_route=\/wp\/v2\/pages\/173\/revisions\/2325"}],"wp:attachment":[{"href":"https:\/\/sindipolo.org.br\/index.php?rest_route=%2Fwp%2Fv2%2Fmedia&parent=173"}],"curies":[{"name":"wp","href":"https:\/\/api.w.org\/{rel}","templated":true}]}}